{"id":284,"date":"2024-07-07T18:58:21","date_gmt":"2024-07-07T18:58:21","guid":{"rendered":"https:\/\/acv.edu.pe\/?page_id=284"},"modified":"2024-07-20T05:16:50","modified_gmt":"2024-07-20T05:16:50","slug":"proyecto","status":"publish","type":"page","link":"https:\/\/acv.edu.pe\/index.php\/proyecto\/","title":{"rendered":"COMUNIDAD DE APRENDIZAJE"},"content":{"rendered":"\t\t<div data-elementor-type=\"wp-page\" data-elementor-id=\"284\" class=\"elementor elementor-284\">\n\t\t\t\t<div class=\"elementor-element elementor-element-bf31e45 e-con-full e-flex e-con e-parent\" data-id=\"bf31e45\" data-element_type=\"container\" data-e-type=\"container\" data-settings=\"{&quot;background_background&quot;:&quot;slideshow&quot;,&quot;background_slideshow_gallery&quot;:[],&quot;background_slideshow_loop&quot;:&quot;yes&quot;,&quot;background_slideshow_slide_duration&quot;:5000,&quot;background_slideshow_slide_transition&quot;:&quot;fade&quot;,&quot;background_slideshow_transition_duration&quot;:500}\">\n\t\t<div class=\"elementor-element elementor-element-0d76028 e-con-full e-flex e-con e-child\" data-id=\"0d76028\" data-element_type=\"container\" data-e-type=\"container\">\n\t\t\t\t<div class=\"elementor-element elementor-element-89c8c16 elementor-widget elementor-widget-heading\" data-id=\"89c8c16\" data-element_type=\"widget\" data-e-type=\"widget\" data-widget_type=\"heading.default\">\n\t\t\t\t<div class=\"elementor-widget-container\">\n\t\t\t\t\t<h2 class=\"elementor-heading-title elementor-size-default\"><b>\u00danete a nuestra comunidad de docentes y comparte tus experiencias de aprendizaje. <\/b><br><b>Esta plataforma est\u00e1 dise\u00f1ada para inspirar y transformar mediante el intercambio de conocimientos y experiencias educativas.<\/b><\/h2>\t\t\t\t<\/div>\n\t\t\t\t<\/div>\n\t\t\t\t<div class=\"elementor-element elementor-element-317596e elementor-widget elementor-widget-button\" data-id=\"317596e\" data-element_type=\"widget\" data-e-type=\"widget\" data-widget_type=\"button.default\">\n\t\t\t\t<div class=\"elementor-widget-container\">\n\t\t\t\t\t\t\t\t\t<div class=\"elementor-button-wrapper\">\n\t\t\t\t\t<a class=\"elementor-button elementor-button-link elementor-size-sm\" href=\"https:\/\/acv.edu.pe\/comunidadvirtual\/\">\n\t\t\t\t\t\t<span class=\"elementor-button-content-wrapper\">\n\t\t\t\t\t\t\t\t\t<span class=\"elementor-button-text\">Haz clic aqu\u00ed<\/span>\n\t\t\t\t\t<\/span>\n\t\t\t\t\t<\/a>\n\t\t\t\t<\/div>\n\t\t\t\t\t\t\t\t<\/div>\n\t\t\t\t<\/div>\n\t\t\t\t<\/div>\n\t\t\t\t<div class=\"elementor-element elementor-element-01cd9db elementor-widget elementor-widget-spacer\" data-id=\"01cd9db\" data-element_type=\"widget\" data-e-type=\"widget\" data-widget_type=\"spacer.default\">\n\t\t\t\t<div class=\"elementor-widget-container\">\n\t\t\t\t\t\t\t<div class=\"elementor-spacer\">\n\t\t\t<div class=\"elementor-spacer-inner\"><\/div>\n\t\t<\/div>\n\t\t\t\t\t\t<\/div>\n\t\t\t\t<\/div>\n\t\t\t\t<div class=\"elementor-element elementor-element-6f834e5 elementor-widget__width-initial elementor-widget elementor-widget-image\" data-id=\"6f834e5\" data-element_type=\"widget\" data-e-type=\"widget\" data-widget_type=\"image.default\">\n\t\t\t\t<div class=\"elementor-widget-container\">\n\t\t\t\t\t\t\t\t\t\t\t\t\t\t\t<img fetchpriority=\"high\" decoding=\"async\" width=\"640\" height=\"640\" src=\"https:\/\/acv.edu.pe\/wp-content\/uploads\/2024\/07\/LOGO-CON-FONDO-BLANCO-Y-LETRAS-NEGRAS_Mesa-de-trabajo-1-3-1024x1024.png\" class=\"attachment-large size-large wp-image-720\" alt=\"\" srcset=\"https:\/\/acv.edu.pe\/wp-content\/uploads\/2024\/07\/LOGO-CON-FONDO-BLANCO-Y-LETRAS-NEGRAS_Mesa-de-trabajo-1-3-1024x1024.png 1024w, https:\/\/acv.edu.pe\/wp-content\/uploads\/2024\/07\/LOGO-CON-FONDO-BLANCO-Y-LETRAS-NEGRAS_Mesa-de-trabajo-1-3-300x300.png 300w, https:\/\/acv.edu.pe\/wp-content\/uploads\/2024\/07\/LOGO-CON-FONDO-BLANCO-Y-LETRAS-NEGRAS_Mesa-de-trabajo-1-3-150x150.png 150w, https:\/\/acv.edu.pe\/wp-content\/uploads\/2024\/07\/LOGO-CON-FONDO-BLANCO-Y-LETRAS-NEGRAS_Mesa-de-trabajo-1-3-768x768.png 768w, https:\/\/acv.edu.pe\/wp-content\/uploads\/2024\/07\/LOGO-CON-FONDO-BLANCO-Y-LETRAS-NEGRAS_Mesa-de-trabajo-1-3-1536x1536.png 1536w, https:\/\/acv.edu.pe\/wp-content\/uploads\/2024\/07\/LOGO-CON-FONDO-BLANCO-Y-LETRAS-NEGRAS_Mesa-de-trabajo-1-3-2048x2048.png 2048w, https:\/\/acv.edu.pe\/wp-content\/uploads\/2024\/07\/LOGO-CON-FONDO-BLANCO-Y-LETRAS-NEGRAS_Mesa-de-trabajo-1-3-1080x1080.png 1080w\" sizes=\"(max-width: 640px) 100vw, 640px\" \/>\t\t\t\t\t\t\t\t\t\t\t\t\t\t\t<\/div>\n\t\t\t\t<\/div>\n\t\t\t\t<\/div>\n\t\t<div class=\"elementor-element elementor-element-691f3cb e-flex e-con-boxed e-con e-parent\" data-id=\"691f3cb\" data-element_type=\"container\" data-e-type=\"container\">\n\t\t\t\t\t<div class=\"e-con-inner\">\n\t\t\t\t\t<\/div>\n\t\t\t\t<\/div>\n\t\t\t\t<\/div>\n\t\t","protected":false},"excerpt":{"rendered":"<p>\u00danete a nuestra comunidad de docentes y comparte tus experiencias de aprendizaje. Esta plataforma est\u00e1 dise\u00f1ada para inspirar y transformar mediante el intercambio de conocimientos y experiencias educativas. Haz clic aqu\u00ed<\/p>\n","protected":false},"author":1,"featured_media":0,"parent":0,"menu_order":0,"comment_status":"closed","ping_status":"closed","template":"","meta":{"saved_in_kubio":false,"footnotes":""},"class_list":["post-284","page","type-page","status-publish","hentry"],"kubio_ai_page_context":{"short_desc":"","purpose":"general"},"_links":{"self":[{"href":"https:\/\/acv.edu.pe\/index.php\/wp-json\/wp\/v2\/pages\/284","targetHints":{"allow":["GET"]}}],"collection":[{"href":"https:\/\/acv.edu.pe\/index.php\/wp-json\/wp\/v2\/pages"}],"about":[{"href":"https:\/\/acv.edu.pe\/index.php\/wp-json\/wp\/v2\/types\/page"}],"author":[{"embeddable":true,"href":"https:\/\/acv.edu.pe\/index.php\/wp-json\/wp\/v2\/users\/1"}],"replies":[{"embeddable":true,"href":"https:\/\/acv.edu.pe\/index.php\/wp-json\/wp\/v2\/comments?post=284"}],"version-history":[{"count":11,"href":"https:\/\/acv.edu.pe\/index.php\/wp-json\/wp\/v2\/pages\/284\/revisions"}],"predecessor-version":[{"id":729,"href":"https:\/\/acv.edu.pe\/index.php\/wp-json\/wp\/v2\/pages\/284\/revisions\/729"}],"wp:attachment":[{"href":"https:\/\/acv.edu.pe\/index.php\/wp-json\/wp\/v2\/media?parent=284"}],"curies":[{"name":"wp","href":"https:\/\/api.w.org\/{rel}","templated":true}]}}