{"id":281,"date":"2024-07-07T18:56:33","date_gmt":"2024-07-07T18:56:33","guid":{"rendered":"https:\/\/acv.edu.pe\/?page_id=281"},"modified":"2024-07-15T01:08:01","modified_gmt":"2024-07-15T01:08:01","slug":"secundaria","status":"publish","type":"page","link":"https:\/\/acv.edu.pe\/index.php\/secundaria\/","title":{"rendered":"Secundaria"},"content":{"rendered":"\t\t<div data-elementor-type=\"wp-page\" data-elementor-id=\"281\" class=\"elementor elementor-281\">\n\t\t\t\t<div class=\"elementor-element elementor-element-634cdf9 e-con-full elementor-hidden-mobile e-flex e-con e-parent\" data-id=\"634cdf9\" data-element_type=\"container\" data-e-type=\"container\">\n\t\t<div class=\"elementor-element elementor-element-4fff693 e-con-full e-flex e-con e-child\" data-id=\"4fff693\" data-element_type=\"container\" data-e-type=\"container\">\n\t\t\t\t<div class=\"elementor-element elementor-element-30b9d9b elementor-widget elementor-widget-heading\" data-id=\"30b9d9b\" data-element_type=\"widget\" data-e-type=\"widget\" data-widget_type=\"heading.default\">\n\t\t\t\t<div class=\"elementor-widget-container\">\n\t\t\t\t\t<h2 class=\"elementor-heading-title elementor-size-default\"><span class=\"selectable-text copyable-text\"><b>El nivel secundario ofrece a las estudiantes una formaci\u00f3n cient\u00edfica, humanista y t\u00e9cnica; afianza su identidad personal y social y profundiza el aprendizaje desarrollado en el nivel primario; el cual est\u00e1 orientado al desarrollo de competencias que permitan a la educanda acceder a conocimientos human\u00edsticos, cient\u00edficos y tecnol\u00f3gicos que se encuentran en permanente cambio, as\u00ed como en la vivencia de valores como son<\/b>: <b>la fraternidad, la paz, la alegr\u00eda y el amor a la creaci\u00f3n.<\/b><\/span><\/h2>\t\t\t\t<\/div>\n\t\t\t\t<\/div>\n\t\t\t\t<\/div>\n\t\t<div class=\"elementor-element elementor-element-5972eae e-con-full e-flex e-con e-child\" data-id=\"5972eae\" data-element_type=\"container\" data-e-type=\"container\">\n\t\t\t\t<div class=\"elementor-element elementor-element-9da8aad elementor-widget__width-initial elementor-widget elementor-widget-image\" data-id=\"9da8aad\" data-element_type=\"widget\" data-e-type=\"widget\" data-widget_type=\"image.default\">\n\t\t\t\t<div class=\"elementor-widget-container\">\n\t\t\t\t\t\t\t\t\t\t\t\t\t\t\t<img decoding=\"async\" src=\"https:\/\/acv.edu.pe\/wp-content\/uploads\/elementor\/thumbs\/WhatsApp-Image-2024-07-14-at-9.14.40-AM-1-qr4ek1yb3ep3ocz1ujm45jyrg4cbv1dqxj7zd4w784.jpeg\" title=\"WhatsApp Image 2024-07-14 at 9.14.40 AM (1)\" alt=\"WhatsApp Image 2024-07-14 at 9.14.40 AM (1)\" loading=\"lazy\" \/>\t\t\t\t\t\t\t\t\t\t\t\t\t\t\t<\/div>\n\t\t\t\t<\/div>\n\t\t\t\t<\/div>\n\t\t\t\t<\/div>\n\t\t<div class=\"elementor-element elementor-element-c5d6e96 e-con-full elementor-hidden-desktop elementor-hidden-tablet e-flex e-con e-parent\" data-id=\"c5d6e96\" data-element_type=\"container\" data-e-type=\"container\">\n\t\t<div class=\"elementor-element elementor-element-6d9dd62 e-con-full e-flex e-con e-child\" data-id=\"6d9dd62\" data-element_type=\"container\" data-e-type=\"container\">\n\t\t\t\t<div class=\"elementor-element elementor-element-ab85055 elementor-widget elementor-widget-heading\" data-id=\"ab85055\" data-element_type=\"widget\" data-e-type=\"widget\" data-widget_type=\"heading.default\">\n\t\t\t\t<div class=\"elementor-widget-container\">\n\t\t\t\t\t<h2 class=\"elementor-heading-title elementor-size-default\"><span class=\"selectable-text copyable-text\"><b>El nivel secundario ofrece a las estudiantes una formaci\u00f3n cient\u00edfica, humanista y t\u00e9cnica; afianza su identidad personal y social y profundiza el aprendizaje desarrollado en el nivel primario; el cual est\u00e1 orientado al desarrollo de competencias que permitan a la educanda acceder a conocimientos human\u00edsticos, cient\u00edficos y tecnol\u00f3gicos que se encuentran en permanente cambio, as\u00ed como en la vivencia de valores como son: la fraternidad, la paz, la alegr\u00eda y el amor a la creaci\u00f3n.<\/b><\/span><\/h2>\t\t\t\t<\/div>\n\t\t\t\t<\/div>\n\t\t\t\t<\/div>\n\t\t<div class=\"elementor-element elementor-element-9c6ddf7 e-con-full e-flex e-con e-child\" data-id=\"9c6ddf7\" data-element_type=\"container\" data-e-type=\"container\">\n\t\t\t\t<div class=\"elementor-element elementor-element-9194328 elementor-widget elementor-widget-image\" data-id=\"9194328\" data-element_type=\"widget\" data-e-type=\"widget\" data-widget_type=\"image.default\">\n\t\t\t\t<div class=\"elementor-widget-container\">\n\t\t\t\t\t\t\t\t\t\t\t\t\t\t\t<img fetchpriority=\"high\" decoding=\"async\" width=\"640\" height=\"961\" src=\"https:\/\/acv.edu.pe\/wp-content\/uploads\/2024\/07\/WhatsApp-Image-2024-07-14-at-9.14.40-AM-1-682x1024.jpeg\" class=\"attachment-large size-large wp-image-593\" alt=\"\" srcset=\"https:\/\/acv.edu.pe\/wp-content\/uploads\/2024\/07\/WhatsApp-Image-2024-07-14-at-9.14.40-AM-1-682x1024.jpeg 682w, https:\/\/acv.edu.pe\/wp-content\/uploads\/2024\/07\/WhatsApp-Image-2024-07-14-at-9.14.40-AM-1-200x300.jpeg 200w, https:\/\/acv.edu.pe\/wp-content\/uploads\/2024\/07\/WhatsApp-Image-2024-07-14-at-9.14.40-AM-1-768x1153.jpeg 768w, https:\/\/acv.edu.pe\/wp-content\/uploads\/2024\/07\/WhatsApp-Image-2024-07-14-at-9.14.40-AM-1-1023x1536.jpeg 1023w, https:\/\/acv.edu.pe\/wp-content\/uploads\/2024\/07\/WhatsApp-Image-2024-07-14-at-9.14.40-AM-1-720x1080.jpeg 720w, https:\/\/acv.edu.pe\/wp-content\/uploads\/2024\/07\/WhatsApp-Image-2024-07-14-at-9.14.40-AM-1.jpeg 1066w\" sizes=\"(max-width: 640px) 100vw, 640px\" \/>\t\t\t\t\t\t\t\t\t\t\t\t\t\t\t<\/div>\n\t\t\t\t<\/div>\n\t\t\t\t<\/div>\n\t\t\t\t<\/div>\n\t\t\t\t<\/div>\n\t\t","protected":false},"excerpt":{"rendered":"<p>El nivel secundario ofrece a las estudiantes una formaci\u00f3n cient\u00edfica, humanista y t\u00e9cnica; afianza su identidad personal y social y profundiza el aprendizaje desarrollado en el nivel primario; el cual est\u00e1 orientado al desarrollo de competencias que permitan a la educanda acceder a conocimientos human\u00edsticos, cient\u00edficos y tecnol\u00f3gicos que se encuentran en permanente cambio, as\u00ed [&hellip;]<\/p>\n","protected":false},"author":1,"featured_media":0,"parent":0,"menu_order":0,"comment_status":"closed","ping_status":"closed","template":"","meta":{"saved_in_kubio":false,"footnotes":""},"class_list":["post-281","page","type-page","status-publish","hentry"],"kubio_ai_page_context":{"short_desc":"","purpose":"general"},"_links":{"self":[{"href":"https:\/\/acv.edu.pe\/index.php\/wp-json\/wp\/v2\/pages\/281","targetHints":{"allow":["GET"]}}],"collection":[{"href":"https:\/\/acv.edu.pe\/index.php\/wp-json\/wp\/v2\/pages"}],"about":[{"href":"https:\/\/acv.edu.pe\/index.php\/wp-json\/wp\/v2\/types\/page"}],"author":[{"embeddable":true,"href":"https:\/\/acv.edu.pe\/index.php\/wp-json\/wp\/v2\/users\/1"}],"replies":[{"embeddable":true,"href":"https:\/\/acv.edu.pe\/index.php\/wp-json\/wp\/v2\/comments?post=281"}],"version-history":[{"count":34,"href":"https:\/\/acv.edu.pe\/index.php\/wp-json\/wp\/v2\/pages\/281\/revisions"}],"predecessor-version":[{"id":634,"href":"https:\/\/acv.edu.pe\/index.php\/wp-json\/wp\/v2\/pages\/281\/revisions\/634"}],"wp:attachment":[{"href":"https:\/\/acv.edu.pe\/index.php\/wp-json\/wp\/v2\/media?parent=281"}],"curies":[{"name":"wp","href":"https:\/\/api.w.org\/{rel}","templated":true}]}}