{"id":278,"date":"2024-07-07T18:56:21","date_gmt":"2024-07-07T18:56:21","guid":{"rendered":"https:\/\/acv.edu.pe\/?page_id=278"},"modified":"2024-07-15T01:18:45","modified_gmt":"2024-07-15T01:18:45","slug":"primaria","status":"publish","type":"page","link":"https:\/\/acv.edu.pe\/index.php\/primaria\/","title":{"rendered":"Primaria"},"content":{"rendered":"\t\t<div data-elementor-type=\"wp-page\" data-elementor-id=\"278\" class=\"elementor elementor-278\">\n\t\t\t\t<div class=\"elementor-element elementor-element-7fb7a5a elementor-hidden-mobile e-flex e-con-boxed e-con e-parent\" data-id=\"7fb7a5a\" data-element_type=\"container\" data-e-type=\"container\">\n\t\t\t\t\t<div class=\"e-con-inner\">\n\t\t<div class=\"elementor-element elementor-element-43f2805 e-con-full e-flex e-con e-child\" data-id=\"43f2805\" data-element_type=\"container\" data-e-type=\"container\">\n\t\t\t\t<div class=\"elementor-element elementor-element-17fc2ef elementor-widget__width-initial elementor-widget elementor-widget-heading\" data-id=\"17fc2ef\" data-element_type=\"widget\" data-e-type=\"widget\" data-widget_type=\"heading.default\">\n\t\t\t\t<div class=\"elementor-widget-container\">\n\t\t\t\t\t<h2 class=\"elementor-heading-title elementor-size-default\"><b>El nivel primario est\u00e1 orientado a la formaci\u00f3n integral de los estudiantes, promoviendo el desarrollo de competencias y la formaci\u00f3n en los valores . Se fomenta el trabajo colaborativo que permite que nuestros estudiantes sean protagonistas de su propio aprendizaje y que desarrollen estrategias comunicativas con los dem\u00e1s para poder desarrollar las actividades en armon\u00eda y fraternidad con el equipo y as\u00ed poder mejorar sus capacidades y habilidades sociales. Se trabaja con una metodolog\u00eda activa, con estrategias l\u00fadicas y con el uso de materiales concretos<\/b>.<\/h2>\t\t\t\t<\/div>\n\t\t\t\t<\/div>\n\t\t\t\t<\/div>\n\t\t<div class=\"elementor-element elementor-element-4d27e0e e-con-full e-flex e-con e-child\" data-id=\"4d27e0e\" data-element_type=\"container\" data-e-type=\"container\">\n\t\t\t\t<div class=\"elementor-element elementor-element-38e32d8 elementor-widget elementor-widget-spacer\" data-id=\"38e32d8\" data-element_type=\"widget\" data-e-type=\"widget\" data-widget_type=\"spacer.default\">\n\t\t\t\t<div class=\"elementor-widget-container\">\n\t\t\t\t\t\t\t<div class=\"elementor-spacer\">\n\t\t\t<div class=\"elementor-spacer-inner\"><\/div>\n\t\t<\/div>\n\t\t\t\t\t\t<\/div>\n\t\t\t\t<\/div>\n\t\t\t\t<div class=\"elementor-element elementor-element-2511d2e elementor-widget elementor-widget-image\" data-id=\"2511d2e\" data-element_type=\"widget\" data-e-type=\"widget\" data-widget_type=\"image.default\">\n\t\t\t\t<div class=\"elementor-widget-container\">\n\t\t\t\t\t\t\t\t\t\t\t\t\t\t\t<img fetchpriority=\"high\" decoding=\"async\" width=\"640\" height=\"512\" src=\"https:\/\/acv.edu.pe\/wp-content\/uploads\/2024\/07\/WhatsApp-Image-2024-07-07-at-10.40.59-PM-2-1024x819.jpeg\" class=\"attachment-large size-large wp-image-366\" alt=\"\" srcset=\"https:\/\/acv.edu.pe\/wp-content\/uploads\/2024\/07\/WhatsApp-Image-2024-07-07-at-10.40.59-PM-2-1024x819.jpeg 1024w, https:\/\/acv.edu.pe\/wp-content\/uploads\/2024\/07\/WhatsApp-Image-2024-07-07-at-10.40.59-PM-2-300x240.jpeg 300w, https:\/\/acv.edu.pe\/wp-content\/uploads\/2024\/07\/WhatsApp-Image-2024-07-07-at-10.40.59-PM-2-768x614.jpeg 768w, https:\/\/acv.edu.pe\/wp-content\/uploads\/2024\/07\/WhatsApp-Image-2024-07-07-at-10.40.59-PM-2-1536x1229.jpeg 1536w, https:\/\/acv.edu.pe\/wp-content\/uploads\/2024\/07\/WhatsApp-Image-2024-07-07-at-10.40.59-PM-2-1350x1080.jpeg 1350w, https:\/\/acv.edu.pe\/wp-content\/uploads\/2024\/07\/WhatsApp-Image-2024-07-07-at-10.40.59-PM-2.jpeg 1600w\" sizes=\"(max-width: 640px) 100vw, 640px\" \/>\t\t\t\t\t\t\t\t\t\t\t\t\t\t\t<\/div>\n\t\t\t\t<\/div>\n\t\t\t\t<\/div>\n\t\t\t\t\t<\/div>\n\t\t\t\t<\/div>\n\t\t<div class=\"elementor-element elementor-element-cf79de5 elementor-hidden-desktop elementor-hidden-tablet e-flex e-con-boxed e-con e-parent\" data-id=\"cf79de5\" data-element_type=\"container\" data-e-type=\"container\">\n\t\t\t\t\t<div class=\"e-con-inner\">\n\t\t<div class=\"elementor-element elementor-element-4fa5488 e-con-full e-flex e-con e-child\" data-id=\"4fa5488\" data-element_type=\"container\" data-e-type=\"container\">\n\t\t\t\t<div class=\"elementor-element elementor-element-08855d1 elementor-widget__width-initial elementor-widget elementor-widget-heading\" data-id=\"08855d1\" data-element_type=\"widget\" data-e-type=\"widget\" data-widget_type=\"heading.default\">\n\t\t\t\t<div class=\"elementor-widget-container\">\n\t\t\t\t\t<h2 class=\"elementor-heading-title elementor-size-default\"><b>El nivel primario est\u00e1 orientado a la formaci\u00f3n integral de los estudiantes, promoviendo el desarrollo de competencias y la formaci\u00f3n en los valores . Se fomenta el trabajo colaborativo que permite que nuestros estudiantes sean protagonistas de su propio aprendizaje y que desarrollen estrategias comunicativas con los dem\u00e1s para poder desarrollar las actividades en armon\u00eda y fraternidad con el equipo y as\u00ed poder mejorar sus capacidades y habilidades sociales. Se trabaja con una metodolog\u00eda activa, con estrategias l\u00fadicas y con el uso de materiales concretos<\/b>.<\/h2>\t\t\t\t<\/div>\n\t\t\t\t<\/div>\n\t\t\t\t<\/div>\n\t\t<div class=\"elementor-element elementor-element-53453a2 e-con-full e-flex e-con e-child\" data-id=\"53453a2\" data-element_type=\"container\" data-e-type=\"container\">\n\t\t\t\t<div class=\"elementor-element elementor-element-4098fba elementor-widget elementor-widget-image\" data-id=\"4098fba\" data-element_type=\"widget\" data-e-type=\"widget\" data-widget_type=\"image.default\">\n\t\t\t\t<div class=\"elementor-widget-container\">\n\t\t\t\t\t\t\t\t\t\t\t\t\t\t\t<img fetchpriority=\"high\" decoding=\"async\" width=\"640\" height=\"512\" src=\"https:\/\/acv.edu.pe\/wp-content\/uploads\/2024\/07\/WhatsApp-Image-2024-07-07-at-10.40.59-PM-2-1024x819.jpeg\" class=\"attachment-large size-large wp-image-366\" alt=\"\" srcset=\"https:\/\/acv.edu.pe\/wp-content\/uploads\/2024\/07\/WhatsApp-Image-2024-07-07-at-10.40.59-PM-2-1024x819.jpeg 1024w, https:\/\/acv.edu.pe\/wp-content\/uploads\/2024\/07\/WhatsApp-Image-2024-07-07-at-10.40.59-PM-2-300x240.jpeg 300w, https:\/\/acv.edu.pe\/wp-content\/uploads\/2024\/07\/WhatsApp-Image-2024-07-07-at-10.40.59-PM-2-768x614.jpeg 768w, https:\/\/acv.edu.pe\/wp-content\/uploads\/2024\/07\/WhatsApp-Image-2024-07-07-at-10.40.59-PM-2-1536x1229.jpeg 1536w, https:\/\/acv.edu.pe\/wp-content\/uploads\/2024\/07\/WhatsApp-Image-2024-07-07-at-10.40.59-PM-2-1350x1080.jpeg 1350w, https:\/\/acv.edu.pe\/wp-content\/uploads\/2024\/07\/WhatsApp-Image-2024-07-07-at-10.40.59-PM-2.jpeg 1600w\" sizes=\"(max-width: 640px) 100vw, 640px\" \/>\t\t\t\t\t\t\t\t\t\t\t\t\t\t\t<\/div>\n\t\t\t\t<\/div>\n\t\t\t\t<\/div>\n\t\t\t\t\t<\/div>\n\t\t\t\t<\/div>\n\t\t<div class=\"elementor-element elementor-element-73f0cca e-flex e-con-boxed e-con e-parent\" data-id=\"73f0cca\" data-element_type=\"container\" data-e-type=\"container\">\n\t\t\t\t\t<div class=\"e-con-inner\">\n\t\t\t\t\t<\/div>\n\t\t\t\t<\/div>\n\t\t\t\t<\/div>\n\t\t","protected":false},"excerpt":{"rendered":"<p>El nivel primario est\u00e1 orientado a la formaci\u00f3n integral de los estudiantes, promoviendo el desarrollo de competencias y la formaci\u00f3n en los valores . Se fomenta el trabajo colaborativo que permite que nuestros estudiantes sean protagonistas de su propio aprendizaje y que desarrollen estrategias comunicativas con los dem\u00e1s para poder desarrollar las actividades en armon\u00eda [&hellip;]<\/p>\n","protected":false},"author":1,"featured_media":0,"parent":0,"menu_order":0,"comment_status":"closed","ping_status":"closed","template":"","meta":{"saved_in_kubio":false,"footnotes":""},"class_list":["post-278","page","type-page","status-publish","hentry"],"kubio_ai_page_context":{"short_desc":"","purpose":"general"},"_links":{"self":[{"href":"https:\/\/acv.edu.pe\/index.php\/wp-json\/wp\/v2\/pages\/278","targetHints":{"allow":["GET"]}}],"collection":[{"href":"https:\/\/acv.edu.pe\/index.php\/wp-json\/wp\/v2\/pages"}],"about":[{"href":"https:\/\/acv.edu.pe\/index.php\/wp-json\/wp\/v2\/types\/page"}],"author":[{"embeddable":true,"href":"https:\/\/acv.edu.pe\/index.php\/wp-json\/wp\/v2\/users\/1"}],"replies":[{"embeddable":true,"href":"https:\/\/acv.edu.pe\/index.php\/wp-json\/wp\/v2\/comments?post=278"}],"version-history":[{"count":14,"href":"https:\/\/acv.edu.pe\/index.php\/wp-json\/wp\/v2\/pages\/278\/revisions"}],"predecessor-version":[{"id":647,"href":"https:\/\/acv.edu.pe\/index.php\/wp-json\/wp\/v2\/pages\/278\/revisions\/647"}],"wp:attachment":[{"href":"https:\/\/acv.edu.pe\/index.php\/wp-json\/wp\/v2\/media?parent=278"}],"curies":[{"name":"wp","href":"https:\/\/api.w.org\/{rel}","templated":true}]}}