{"id":275,"date":"2024-07-07T18:56:04","date_gmt":"2024-07-07T18:56:04","guid":{"rendered":"https:\/\/acv.edu.pe\/?page_id=275"},"modified":"2024-07-15T01:55:45","modified_gmt":"2024-07-15T01:55:45","slug":"inicial","status":"publish","type":"page","link":"https:\/\/acv.edu.pe\/index.php\/inicial\/","title":{"rendered":"Inicial"},"content":{"rendered":"\t\t<div data-elementor-type=\"wp-page\" data-elementor-id=\"275\" class=\"elementor elementor-275\">\n\t\t\t\t<div class=\"elementor-element elementor-element-5fa8157 elementor-hidden-mobile e-flex e-con-boxed e-con e-parent\" data-id=\"5fa8157\" data-element_type=\"container\" data-e-type=\"container\">\n\t\t\t\t\t<div class=\"e-con-inner\">\n\t\t<div class=\"elementor-element elementor-element-97c7370 e-con-full e-flex e-con e-child\" data-id=\"97c7370\" data-element_type=\"container\" data-e-type=\"container\">\n\t\t\t\t<div class=\"elementor-element elementor-element-8d34fb2 elementor-widget elementor-widget-spacer\" data-id=\"8d34fb2\" data-element_type=\"widget\" data-e-type=\"widget\" data-widget_type=\"spacer.default\">\n\t\t\t\t<div class=\"elementor-widget-container\">\n\t\t\t\t\t\t\t<div class=\"elementor-spacer\">\n\t\t\t<div class=\"elementor-spacer-inner\"><\/div>\n\t\t<\/div>\n\t\t\t\t\t\t<\/div>\n\t\t\t\t<\/div>\n\t\t\t\t<div class=\"elementor-element elementor-element-0c479ff elementor-widget__width-initial elementor-widget elementor-widget-heading\" data-id=\"0c479ff\" data-element_type=\"widget\" data-e-type=\"widget\" data-widget_type=\"heading.default\">\n\t\t\t\t<div class=\"elementor-widget-container\">\n\t\t\t\t\t<h2 class=\"elementor-heading-title elementor-size-default\"><b><span style=\"text-align: var(--text-align)\">E<\/span><span style=\"text-align: var(--text-align)\">n el nivel inicial trabajamos conjuntamente con los&nbsp;<\/span><span style=\"text-align: var(--text-align)\">padres de familia y la colectividad, a fin de brindar a los ni\u00f1os de tres a cinco a\u00f1os una educaci\u00f3n de calidad, incentivando en nuestros alumnos la <\/span><span>creatividad y la investigaci\u00f3n, as\u00ed como la pr\u00e1ctica de valores, a fin de lograr el cambio que nuestra sociedad necesita<font color=\"#040404\" face=\"Esteban, sans-serif\"><span style=\"letter-spacing: -0.9px\">.<\/span><\/font><\/span><\/b><span style=\"color: var( --e-global-color-primary );font-family: var( --e-global-typography-primary-font-family ), Sans-serif;font-size: 2rem;font-weight: var( --e-global-typography-primary-font-weight );text-align: var(--text-align)\"><\/span><br> <\/h2>\t\t\t\t<\/div>\n\t\t\t\t<\/div>\n\t\t\t\t<\/div>\n\t\t<div class=\"elementor-element elementor-element-2728bd6 e-con-full e-flex e-con e-child\" data-id=\"2728bd6\" data-element_type=\"container\" data-e-type=\"container\">\n\t\t\t\t<div class=\"elementor-element elementor-element-db829c5 elementor-widget__width-initial elementor-widget elementor-widget-image\" data-id=\"db829c5\" data-element_type=\"widget\" data-e-type=\"widget\" data-widget_type=\"image.default\">\n\t\t\t\t<div class=\"elementor-widget-container\">\n\t\t\t\t\t\t\t\t\t\t\t\t\t\t\t<img decoding=\"async\" src=\"https:\/\/acv.edu.pe\/wp-content\/uploads\/elementor\/thumbs\/WhatsApp-Image-2024-07-14-at-7.56.22-AM-qr4daewf907vxz9octe932l12laq446xzmv8hgkd5c.jpeg\" title=\"WhatsApp Image 2024-07-14 at 7.56.22 AM\" alt=\"WhatsApp Image 2024-07-14 at 7.56.22 AM\" loading=\"lazy\" \/>\t\t\t\t\t\t\t\t\t\t\t\t\t\t\t<\/div>\n\t\t\t\t<\/div>\n\t\t\t\t<\/div>\n\t\t\t\t\t<\/div>\n\t\t\t\t<\/div>\n\t\t<div class=\"elementor-element elementor-element-2d598b8 elementor-hidden-desktop elementor-hidden-tablet e-flex e-con-boxed e-con e-parent\" data-id=\"2d598b8\" data-element_type=\"container\" data-e-type=\"container\">\n\t\t\t\t\t<div class=\"e-con-inner\">\n\t\t<div class=\"elementor-element elementor-element-3d46f16 e-con-full e-flex e-con e-child\" data-id=\"3d46f16\" data-element_type=\"container\" data-e-type=\"container\">\n\t\t\t\t<div class=\"elementor-element elementor-element-537c808 elementor-widget__width-initial elementor-widget-mobile__width-initial elementor-hidden-desktop elementor-hidden-tablet elementor-widget elementor-widget-text-editor\" data-id=\"537c808\" data-element_type=\"widget\" data-e-type=\"widget\" data-widget_type=\"text-editor.default\">\n\t\t\t\t<div class=\"elementor-widget-container\">\n\t\t\t\t\t\t\t\t\t<h2><b><span style=\"text-align: var(--text-align);\"><br><\/span><\/b><\/h2>\n<h5><b><span style=\"text-align: var(--text-align);\">E<\/span><span style=\"text-align: var(--text-align);\">n el nivel inicial trabajamos conjuntamente con los&nbsp;<\/span><span style=\"text-align: var(--text-align);\">padres de familia y la colectividad, a fin de brindar a los ni\u00f1os de tres a cinco a\u00f1os una educaci\u00f3n de calidad, incentivando en nuestros alumnos la&nbsp;<\/span><\/b><span style=\"text-align: var(--text-align);\"><b>creatividad y la investigaci\u00f3n, as\u00ed como la pr\u00e1ctica de valores, a fin de lograr el cambio que nuestra sociedad necesita<\/b><\/span><span style=\"text-align: var(--text-align);\"><b>.<\/b><\/span><\/h5>\n<p><o:p><\/o:p><\/p>\t\t\t\t\t\t\t\t<\/div>\n\t\t\t\t<\/div>\n\t\t\t\t<\/div>\n\t\t<div class=\"elementor-element elementor-element-359116b e-con-full e-flex e-con e-child\" data-id=\"359116b\" data-element_type=\"container\" data-e-type=\"container\">\n\t\t\t\t<div class=\"elementor-element elementor-element-f072772 elementor-widget__width-initial elementor-widget elementor-widget-image\" data-id=\"f072772\" data-element_type=\"widget\" data-e-type=\"widget\" data-widget_type=\"image.default\">\n\t\t\t\t<div class=\"elementor-widget-container\">\n\t\t\t\t\t\t\t\t\t\t\t\t\t\t\t<img fetchpriority=\"high\" decoding=\"async\" width=\"640\" height=\"905\" src=\"https:\/\/acv.edu.pe\/wp-content\/uploads\/2024\/07\/WhatsApp-Image-2024-07-14-at-7.56.22-AM-724x1024.jpeg\" class=\"attachment-large size-large wp-image-583\" alt=\"\" srcset=\"https:\/\/acv.edu.pe\/wp-content\/uploads\/2024\/07\/WhatsApp-Image-2024-07-14-at-7.56.22-AM-724x1024.jpeg 724w, https:\/\/acv.edu.pe\/wp-content\/uploads\/2024\/07\/WhatsApp-Image-2024-07-14-at-7.56.22-AM-212x300.jpeg 212w, https:\/\/acv.edu.pe\/wp-content\/uploads\/2024\/07\/WhatsApp-Image-2024-07-14-at-7.56.22-AM-768x1086.jpeg 768w, https:\/\/acv.edu.pe\/wp-content\/uploads\/2024\/07\/WhatsApp-Image-2024-07-14-at-7.56.22-AM-1086x1536.jpeg 1086w, https:\/\/acv.edu.pe\/wp-content\/uploads\/2024\/07\/WhatsApp-Image-2024-07-14-at-7.56.22-AM-763x1080.jpeg 763w, https:\/\/acv.edu.pe\/wp-content\/uploads\/2024\/07\/WhatsApp-Image-2024-07-14-at-7.56.22-AM.jpeg 1131w\" sizes=\"(max-width: 640px) 100vw, 640px\" \/>\t\t\t\t\t\t\t\t\t\t\t\t\t\t\t<\/div>\n\t\t\t\t<\/div>\n\t\t\t\t<\/div>\n\t\t\t\t\t<\/div>\n\t\t\t\t<\/div>\n\t\t<div class=\"elementor-element elementor-element-7d8cf11 e-flex e-con-boxed e-con e-parent\" data-id=\"7d8cf11\" data-element_type=\"container\" data-e-type=\"container\">\n\t\t\t\t\t<div class=\"e-con-inner\">\n\t\t\t\t\t<\/div>\n\t\t\t\t<\/div>\n\t\t\t\t<\/div>\n\t\t","protected":false},"excerpt":{"rendered":"<p>En el nivel inicial trabajamos conjuntamente con los&nbsp;padres de familia y la colectividad, a fin de brindar a los ni\u00f1os de tres a cinco a\u00f1os una educaci\u00f3n de calidad, incentivando en nuestros alumnos la creatividad y la investigaci\u00f3n, as\u00ed como la pr\u00e1ctica de valores, a fin de lograr el cambio que nuestra sociedad necesita. En [&hellip;]<\/p>\n","protected":false},"author":1,"featured_media":0,"parent":0,"menu_order":0,"comment_status":"closed","ping_status":"closed","template":"","meta":{"saved_in_kubio":false,"footnotes":""},"class_list":["post-275","page","type-page","status-publish","hentry"],"kubio_ai_page_context":{"short_desc":"","purpose":"general"},"_links":{"self":[{"href":"https:\/\/acv.edu.pe\/index.php\/wp-json\/wp\/v2\/pages\/275","targetHints":{"allow":["GET"]}}],"collection":[{"href":"https:\/\/acv.edu.pe\/index.php\/wp-json\/wp\/v2\/pages"}],"about":[{"href":"https:\/\/acv.edu.pe\/index.php\/wp-json\/wp\/v2\/types\/page"}],"author":[{"embeddable":true,"href":"https:\/\/acv.edu.pe\/index.php\/wp-json\/wp\/v2\/users\/1"}],"replies":[{"embeddable":true,"href":"https:\/\/acv.edu.pe\/index.php\/wp-json\/wp\/v2\/comments?post=275"}],"version-history":[{"count":46,"href":"https:\/\/acv.edu.pe\/index.php\/wp-json\/wp\/v2\/pages\/275\/revisions"}],"predecessor-version":[{"id":678,"href":"https:\/\/acv.edu.pe\/index.php\/wp-json\/wp\/v2\/pages\/275\/revisions\/678"}],"wp:attachment":[{"href":"https:\/\/acv.edu.pe\/index.php\/wp-json\/wp\/v2\/media?parent=275"}],"curies":[{"name":"wp","href":"https:\/\/api.w.org\/{rel}","templated":true}]}}