{"id":268,"date":"2024-07-07T18:53:54","date_gmt":"2024-07-07T18:53:54","guid":{"rendered":"https:\/\/acv.edu.pe\/?page_id=268"},"modified":"2024-07-15T03:20:40","modified_gmt":"2024-07-15T03:20:40","slug":"mensaje-director","status":"publish","type":"page","link":"https:\/\/acv.edu.pe\/index.php\/mensaje-director\/","title":{"rendered":"Mensaje Director"},"content":{"rendered":"\t\t<div data-elementor-type=\"wp-page\" data-elementor-id=\"268\" class=\"elementor elementor-268\">\n\t\t\t\t<div class=\"elementor-element elementor-element-000e268 e-con-full elementor-hidden-tablet elementor-hidden-mobile e-flex e-con e-parent\" data-id=\"000e268\" data-element_type=\"container\" data-e-type=\"container\">\n\t\t<div class=\"elementor-element elementor-element-23a8d9e e-con-full e-flex e-con e-child\" data-id=\"23a8d9e\" data-element_type=\"container\" data-e-type=\"container\">\n\t\t\t\t<div class=\"elementor-element elementor-element-2ce0790 elementor-hidden-mobile elementor-widget elementor-widget-text-editor\" data-id=\"2ce0790\" data-element_type=\"widget\" data-e-type=\"widget\" data-widget_type=\"text-editor.default\">\n\t\t\t\t<div class=\"elementor-widget-container\">\n\t\t\t\t\t\t\t\t\t<h1><b>Director<\/b><\/h1>\t\t\t\t\t\t\t\t<\/div>\n\t\t\t\t<\/div>\n\t\t\t\t<div class=\"elementor-element elementor-element-2d4af03 elementor-widget elementor-widget-text-editor\" data-id=\"2d4af03\" data-element_type=\"widget\" data-e-type=\"widget\" data-widget_type=\"text-editor.default\">\n\t\t\t\t<div class=\"elementor-widget-container\">\n\t\t\t\t\t\t\t\t\t<h4 style=\"font-family: Oregano, sans-serif; letter-spacing: -0.6px;\"><span style=\"letter-spacing: 0.2px; word-spacing: 0em;\">Bienvenidos a la P\u00e1gina Web de la IE Alejandro Cussianovich Villar\u00e0n<br><\/span>Querida comunidad educativa, e<span style=\"text-align: var(--text-align);\">s un honor para m\u00ed, como director de la IE Alejandro Cussianovich Villar\u00e0n, presentarles nuestra nueva p\u00e1gina web. Este espacio virtual nace con la intenci\u00f3n de cumplir con una de las estrategias fundamentales de nuestro proyecto innovador, \u00abESCRIBIMOS PARA CAMBIAR EL MUNDO\u00bb.&nbsp;<br><\/span>El objetivo principal de este proyecto es desarrollar habilidades de escritura efectivas y creativas en los estudiantes de nivel inicial, primaria y secundaria de nuestra instituci\u00f3n. A trav\u00e9s de un enfoque innovador y participativo, buscamos que nuestros alumnos se conviertan en escritores capaces de expresar sus ideas, sentimientos y conocimientos de manera clara y creativa.<br>En esta p\u00e1gina web, encontrar\u00e1n recursos educativos, noticias, actividades y muchos otros contenidos que apoyar\u00e1n el desarrollo de estas habilidades. Adem\u00e1s, ser\u00e1 un espacio para compartir los logros y avances de nuestros estudiantes, mostrando a toda la comunidad educativa los frutos de su dedicaci\u00f3n y esfuerzo.<br>Los invito a explorar nuestra p\u00e1gina, participar activamente y ser parte de este emocionante viaje hacia la mejora continua de nuestras habilidades de escritura. Juntos, podemos cambiar el mundo con nuestras palabras.<br>Gracias por su constante apoyo y compromiso con nuestra instituci\u00f3n.<\/h4>\n<h6 style=\"font-family: Oregano, sans-serif; letter-spacing: -0.6px;\"><p><\/p>\n<\/h6>\n<h6 style=\"font-family: Oregano, sans-serif; letter-spacing: -0.6px;\"><p><\/p>\n<\/h6>\n\n<h5>\n<\/h5>\t\t\t\t\t\t\t\t<\/div>\n\t\t\t\t<\/div>\n\t\t\t\t<\/div>\n\t\t\t\t<div class=\"elementor-element elementor-element-54e7665 elementor-widget__width-initial elementor-widget elementor-widget-spacer\" data-id=\"54e7665\" data-element_type=\"widget\" data-e-type=\"widget\" data-widget_type=\"spacer.default\">\n\t\t\t\t<div class=\"elementor-widget-container\">\n\t\t\t\t\t\t\t<div class=\"elementor-spacer\">\n\t\t\t<div class=\"elementor-spacer-inner\"><\/div>\n\t\t<\/div>\n\t\t\t\t\t\t<\/div>\n\t\t\t\t<\/div>\n\t\t<div class=\"elementor-element elementor-element-777feea e-con-full e-flex e-con e-child\" data-id=\"777feea\" data-element_type=\"container\" data-e-type=\"container\">\n\t\t<div class=\"elementor-element elementor-element-70748e4 e-con-full e-flex e-con e-child\" data-id=\"70748e4\" data-element_type=\"container\" data-e-type=\"container\">\n\t\t\t\t<div class=\"elementor-element elementor-element-a19fce7 elementor-widget elementor-widget-spacer\" data-id=\"a19fce7\" data-element_type=\"widget\" data-e-type=\"widget\" data-widget_type=\"spacer.default\">\n\t\t\t\t<div class=\"elementor-widget-container\">\n\t\t\t\t\t\t\t<div class=\"elementor-spacer\">\n\t\t\t<div class=\"elementor-spacer-inner\"><\/div>\n\t\t<\/div>\n\t\t\t\t\t\t<\/div>\n\t\t\t\t<\/div>\n\t\t\t\t<\/div>\n\t\t<div class=\"elementor-element elementor-element-c1207f8 e-con-full e-flex e-con e-child\" data-id=\"c1207f8\" data-element_type=\"container\" data-e-type=\"container\">\n\t\t\t\t<div class=\"elementor-element elementor-element-b6271dc elementor-hidden-mobile elementor-widget__width-initial elementor-hidden-tablet elementor-widget elementor-widget-image\" data-id=\"b6271dc\" data-element_type=\"widget\" data-e-type=\"widget\" data-widget_type=\"image.default\">\n\t\t\t\t<div class=\"elementor-widget-container\">\n\t\t\t\t\t\t\t\t\t\t\t\t\t\t\t<img fetchpriority=\"high\" decoding=\"async\" width=\"640\" height=\"427\" src=\"https:\/\/acv.edu.pe\/wp-content\/uploads\/2024\/07\/WhatsApp-Image-2024-07-07-at-5.50.48-PM.jpeg\" class=\"attachment-large size-large wp-image-314\" alt=\"\" srcset=\"https:\/\/acv.edu.pe\/wp-content\/uploads\/2024\/07\/WhatsApp-Image-2024-07-07-at-5.50.48-PM.jpeg 954w, https:\/\/acv.edu.pe\/wp-content\/uploads\/2024\/07\/WhatsApp-Image-2024-07-07-at-5.50.48-PM-300x200.jpeg 300w, https:\/\/acv.edu.pe\/wp-content\/uploads\/2024\/07\/WhatsApp-Image-2024-07-07-at-5.50.48-PM-768x513.jpeg 768w\" sizes=\"(max-width: 640px) 100vw, 640px\" \/>\t\t\t\t\t\t\t\t\t\t\t\t\t\t\t<\/div>\n\t\t\t\t<\/div>\n\t\t\t\t<div class=\"elementor-element elementor-element-4cc722d elementor-hidden-mobile elementor-hidden-tablet elementor-widget elementor-widget-text-editor\" data-id=\"4cc722d\" data-element_type=\"widget\" data-e-type=\"widget\" data-widget_type=\"text-editor.default\">\n\t\t\t\t<div class=\"elementor-widget-container\">\n\t\t\t\t\t\t\t\t\t<h5><span style=\"color: rgb(51, 51, 51); font-family: &quot;Open Sans&quot;, sans-serif; font-size: 14px; text-align: start; text-transform: none;\"><b>ROF. JOSE LUIZ DIAZ RUIZ<br><\/b><\/span><span style=\"color: rgb(51, 51, 51); font-family: &quot;Open Sans&quot;, sans-serif; font-size: 14px; text-align: start; text-transform: none;\"><b>Director de la IE Alejandro Cussianovich Villar\u00e1n<\/b><\/span><\/h5>\t\t\t\t\t\t\t\t<\/div>\n\t\t\t\t<\/div>\n\t\t\t\t<\/div>\n\t\t\t\t<\/div>\n\t\t\t\t<\/div>\n\t\t<div class=\"elementor-element elementor-element-857917f e-con-full elementor-hidden-mobile elementor-hidden-desktop e-flex e-con e-parent\" data-id=\"857917f\" data-element_type=\"container\" data-e-type=\"container\">\n\t\t<div class=\"elementor-element elementor-element-1c5c94f e-con-full e-flex e-con e-child\" data-id=\"1c5c94f\" data-element_type=\"container\" data-e-type=\"container\">\n\t\t\t\t<div class=\"elementor-element elementor-element-990930e elementor-hidden-mobile elementor-widget elementor-widget-text-editor\" data-id=\"990930e\" data-element_type=\"widget\" data-e-type=\"widget\" data-widget_type=\"text-editor.default\">\n\t\t\t\t<div class=\"elementor-widget-container\">\n\t\t\t\t\t\t\t\t\t<h1><b>Director<\/b><\/h1>\t\t\t\t\t\t\t\t<\/div>\n\t\t\t\t<\/div>\n\t\t\t\t<div class=\"elementor-element elementor-element-ec80d0e elementor-widget elementor-widget-text-editor\" data-id=\"ec80d0e\" data-element_type=\"widget\" data-e-type=\"widget\" data-widget_type=\"text-editor.default\">\n\t\t\t\t<div class=\"elementor-widget-container\">\n\t\t\t\t\t\t\t\t\t<h5 style=\"font-family: Oregano, sans-serif; letter-spacing: -0.6px;\"><span style=\"letter-spacing: 0.2px; word-spacing: 0em;\">Bienvenidos a la P\u00e1gina Web de la IE Alejandro Cussianovich Villar\u00e0n<\/span><\/h5><h6 style=\"font-family: Oregano, sans-serif; letter-spacing: -0.6px;\">Querida comunidad educativa, e<span style=\"text-align: var(--text-align);\">s un honor para m\u00ed, como director de la IE Alejandro Cussianovich Villar\u00e0n, presentarles nuestra nueva p\u00e1gina web. Este espacio virtual nace con la intenci\u00f3n de cumplir con una de las estrategias fundamentales de nuestro proyecto innovador, \u00abESCRIBIMOS PARA CAMBIAR EL MUNDO\u00bb.&nbsp;<br><\/span><p><\/p><\/h6><h6 style=\"font-family: Oregano, sans-serif; letter-spacing: -0.6px;\">El objetivo principal de este proyecto es desarrollar habilidades de escritura efectivas y creativas en los estudiantes de nivel inicial, primaria y secundaria de nuestra instituci\u00f3n. A trav\u00e9s de un enfoque innovador y participativo, buscamos que nuestros alumnos se conviertan en escritores capaces de expresar sus ideas, sentimientos y conocimientos de manera clara y creativa.<br><p><\/p><\/h6><h6 style=\"transition-duration: 1s; font-family: Oregano, sans-serif; letter-spacing: -0.6px;\">En esta p\u00e1gina web, encontrar\u00e1n recursos educativos, noticias, actividades y muchos otros contenidos que apoyar\u00e1n el desarrollo de estas habilidades. Adem\u00e1s, ser\u00e1 un espacio para compartir los logros y avances de nuestros estudiantes, mostrando a toda la comunidad educativa los frutos de su dedicaci\u00f3n y esfuerzo.<br>Los invito a explorar nuestra p\u00e1gina, participar activamente y ser parte de este emocionante viaje hacia la mejora continua de nuestras habilidades de escritura. Juntos, podemos cambiar el mundo con nuestras palabras.<\/h6><h5>\n<\/h5><h6 style=\"font-family: Oregano, sans-serif; letter-spacing: -0.6px;\">Gracias por su constante apoyo y compromiso con nuestra instituci\u00f3n.<\/h6>\t\t\t\t\t\t\t\t<\/div>\n\t\t\t\t<\/div>\n\t\t\t\t<\/div>\n\t\t<div class=\"elementor-element elementor-element-81029ae e-con-full e-flex e-con e-child\" data-id=\"81029ae\" data-element_type=\"container\" data-e-type=\"container\">\n\t\t<div class=\"elementor-element elementor-element-6b712c0 e-con-full e-flex e-con e-child\" data-id=\"6b712c0\" data-element_type=\"container\" data-e-type=\"container\">\n\t\t\t\t<div class=\"elementor-element elementor-element-45d1a35 elementor-hidden-mobile elementor-widget elementor-widget-spacer\" data-id=\"45d1a35\" data-element_type=\"widget\" data-e-type=\"widget\" data-widget_type=\"spacer.default\">\n\t\t\t\t<div class=\"elementor-widget-container\">\n\t\t\t\t\t\t\t<div class=\"elementor-spacer\">\n\t\t\t<div class=\"elementor-spacer-inner\"><\/div>\n\t\t<\/div>\n\t\t\t\t\t\t<\/div>\n\t\t\t\t<\/div>\n\t\t\t\t<div class=\"elementor-element elementor-element-5aff18e elementor-hidden-mobile elementor-widget__width-initial elementor-hidden-desktop elementor-widget elementor-widget-image\" data-id=\"5aff18e\" data-element_type=\"widget\" data-e-type=\"widget\" data-widget_type=\"image.default\">\n\t\t\t\t<div class=\"elementor-widget-container\">\n\t\t\t\t\t\t\t\t\t\t\t\t\t\t\t<img fetchpriority=\"high\" decoding=\"async\" width=\"640\" height=\"427\" src=\"https:\/\/acv.edu.pe\/wp-content\/uploads\/2024\/07\/WhatsApp-Image-2024-07-07-at-5.50.48-PM.jpeg\" class=\"attachment-large size-large wp-image-314\" alt=\"\" srcset=\"https:\/\/acv.edu.pe\/wp-content\/uploads\/2024\/07\/WhatsApp-Image-2024-07-07-at-5.50.48-PM.jpeg 954w, https:\/\/acv.edu.pe\/wp-content\/uploads\/2024\/07\/WhatsApp-Image-2024-07-07-at-5.50.48-PM-300x200.jpeg 300w, https:\/\/acv.edu.pe\/wp-content\/uploads\/2024\/07\/WhatsApp-Image-2024-07-07-at-5.50.48-PM-768x513.jpeg 768w\" sizes=\"(max-width: 640px) 100vw, 640px\" \/>\t\t\t\t\t\t\t\t\t\t\t\t\t\t\t<\/div>\n\t\t\t\t<\/div>\n\t\t\t\t<div class=\"elementor-element elementor-element-7dea3ac elementor-hidden-mobile elementor-widget elementor-widget-text-editor\" data-id=\"7dea3ac\" data-element_type=\"widget\" data-e-type=\"widget\" data-widget_type=\"text-editor.default\">\n\t\t\t\t<div class=\"elementor-widget-container\">\n\t\t\t\t\t\t\t\t\t<h5><b><span style=\"color: rgb(51, 51, 51); font-family: &quot;Open Sans&quot;, sans-serif; font-size: 14px; text-align: start; text-transform: none;\">ROF. JOSE LUIZ DIAZ RUIZ<br><\/span><\/b><span style=\"color: rgb(51, 51, 51); font-family: &quot;Open Sans&quot;, sans-serif; font-size: 14px; text-align: start; text-transform: none;\"><b>Director de la IE Alejandro Cussianovich Villar\u00e1n<\/b><\/span><\/h5>\t\t\t\t\t\t\t\t<\/div>\n\t\t\t\t<\/div>\n\t\t\t\t<div class=\"elementor-element elementor-element-49f756d elementor-hidden-mobile elementor-widget elementor-widget-spacer\" data-id=\"49f756d\" data-element_type=\"widget\" data-e-type=\"widget\" data-widget_type=\"spacer.default\">\n\t\t\t\t<div class=\"elementor-widget-container\">\n\t\t\t\t\t\t\t<div class=\"elementor-spacer\">\n\t\t\t<div class=\"elementor-spacer-inner\"><\/div>\n\t\t<\/div>\n\t\t\t\t\t\t<\/div>\n\t\t\t\t<\/div>\n\t\t\t\t<\/div>\n\t\t\t\t<\/div>\n\t\t\t\t<\/div>\n\t\t<div class=\"elementor-element elementor-element-1974df9 e-con-full elementor-hidden-desktop elementor-hidden-tablet e-flex e-con e-parent\" data-id=\"1974df9\" data-element_type=\"container\" data-e-type=\"container\">\n\t\t<div class=\"elementor-element elementor-element-8670233 e-con-full e-flex e-con e-child\" data-id=\"8670233\" data-element_type=\"container\" data-e-type=\"container\">\n\t\t\t\t<div class=\"elementor-element elementor-element-b497085 elementor-widget-mobile__width-auto elementor-hidden-desktop elementor-hidden-tablet elementor-drop-cap-yes elementor-drop-cap-view-stacked elementor-widget elementor-widget-text-editor\" data-id=\"b497085\" data-element_type=\"widget\" data-e-type=\"widget\" data-settings=\"{&quot;drop_cap&quot;:&quot;yes&quot;}\" data-widget_type=\"text-editor.default\">\n\t\t\t\t<div class=\"elementor-widget-container\">\n\t\t\t\t\t\t\t\t\t<h5 style=\"transition-duration: 1s;\">\n<\/h5>\n<h6>\n<\/h6>\n<h6>\n<\/h6>\n<h3 style=\"letter-spacing: normal; font-family: Rowdies, sans-serif; text-align: center; text-transform: uppercase;\">DIRECTOR<\/h3><h5><span style=\"letter-spacing: 0.2px; word-spacing: 0em;\">Bienvenidos a la P\u00e1gina Web de la IE Alejandro Cussianovich Villar\u00e0n<\/span><\/h5>\n<h6>Querida comunidad educativa, e<span style=\"text-align: var(--text-align);\">s un honor para m\u00ed, como director de la IE Alejandro Cussianovich Villar\u00e0n, presentarles nuestra nueva p\u00e1gina web. Este espacio virtual nace con la intenci\u00f3n de cumplir con una de las estrategias fundamentales de nuestro proyecto innovador, \u00abESCRIBIMOS PARA CAMBIAR EL MUNDO\u00bb.&nbsp;<br><\/span><p><\/p>\n<\/h6>\n<h6>El objetivo principal de este proyecto es desarrollar habilidades de escritura efectivas y creativas en los estudiantes de nivel inicial, primaria y secundaria de nuestra instituci\u00f3n. A trav\u00e9s de un enfoque innovador y participativo, buscamos que nuestros alumnos se conviertan en escritores capaces de expresar sus ideas, sentimientos y conocimientos de manera clara y creativa.<br><p><\/p>\n<\/h6>\n<h6>En esta p\u00e1gina web, encontrar\u00e1n recursos educativos, noticias, actividades y muchos otros contenidos que apoyar\u00e1n el desarrollo de estas habilidades. Adem\u00e1s, ser\u00e1 un espacio para compartir los logros y avances de nuestros estudiantes, mostrando a toda la comunidad educativa los frutos de su dedicaci\u00f3n y esfuerzo.<br>Los invito a explorar nuestra p\u00e1gina, participar activamente y ser parte de este emocionante viaje hacia la mejora continua de nuestras habilidades de escritura. Juntos, podemos cambiar el mundo con nuestras palabras.<\/h6>\n<h6>Gracias por su constante apoyo y compromiso con nuestra instituci\u00f3n.<\/h6>\t\t\t\t\t\t\t\t<\/div>\n\t\t\t\t<\/div>\n\t\t\t\t<\/div>\n\t\t<div class=\"elementor-element elementor-element-063a7dd e-con-full elementor-hidden-desktop elementor-hidden-tablet e-flex e-con e-child\" data-id=\"063a7dd\" data-element_type=\"container\" data-e-type=\"container\">\n\t\t\t\t<div class=\"elementor-element elementor-element-4daa575 elementor-hidden-desktop elementor-hidden-tablet elementor-widget-mobile__width-initial elementor-widget elementor-widget-image\" data-id=\"4daa575\" data-element_type=\"widget\" data-e-type=\"widget\" data-widget_type=\"image.default\">\n\t\t\t\t<div class=\"elementor-widget-container\">\n\t\t\t\t\t\t\t\t\t\t\t\t\t\t\t<img fetchpriority=\"high\" decoding=\"async\" width=\"640\" height=\"427\" src=\"https:\/\/acv.edu.pe\/wp-content\/uploads\/2024\/07\/WhatsApp-Image-2024-07-07-at-5.50.48-PM.jpeg\" class=\"attachment-large size-large wp-image-314\" alt=\"\" srcset=\"https:\/\/acv.edu.pe\/wp-content\/uploads\/2024\/07\/WhatsApp-Image-2024-07-07-at-5.50.48-PM.jpeg 954w, https:\/\/acv.edu.pe\/wp-content\/uploads\/2024\/07\/WhatsApp-Image-2024-07-07-at-5.50.48-PM-300x200.jpeg 300w, https:\/\/acv.edu.pe\/wp-content\/uploads\/2024\/07\/WhatsApp-Image-2024-07-07-at-5.50.48-PM-768x513.jpeg 768w\" sizes=\"(max-width: 640px) 100vw, 640px\" \/>\t\t\t\t\t\t\t\t\t\t\t\t\t\t\t<\/div>\n\t\t\t\t<\/div>\n\t\t\t\t<div class=\"elementor-element elementor-element-cfe942c elementor-hidden-desktop elementor-hidden-tablet elementor-widget elementor-widget-text-editor\" data-id=\"cfe942c\" data-element_type=\"widget\" data-e-type=\"widget\" data-widget_type=\"text-editor.default\">\n\t\t\t\t<div class=\"elementor-widget-container\">\n\t\t\t\t\t\t\t\t\t<h6><p><b><span style=\"color: rgb(51, 51, 51); font-family: &quot;Open Sans&quot;, sans-serif; font-size: 14px; text-align: start; text-transform: none;\">ROF. JOSE LUIZ DIAZ RUIZ<br><\/span><\/b><span style=\"color: rgb(51, 51, 51); font-family: &quot;Open Sans&quot;, sans-serif; font-size: 14px; text-align: start; text-transform: none;\"><b>Director de la IE Alejandro Cussianovich Villar\u00e1n<\/b><\/span><\/p><\/h6>\t\t\t\t\t\t\t\t<\/div>\n\t\t\t\t<\/div>\n\t\t\t\t<\/div>\n\t\t\t\t<\/div>\n\t\t<div class=\"elementor-element elementor-element-7d619be e-flex e-con-boxed e-con e-parent\" data-id=\"7d619be\" data-element_type=\"container\" data-e-type=\"container\">\n\t\t\t\t\t<div class=\"e-con-inner\">\n\t\t\t\t\t<\/div>\n\t\t\t\t<\/div>\n\t\t\t\t<\/div>\n\t\t","protected":false},"excerpt":{"rendered":"<p>Director Bienvenidos a la P\u00e1gina Web de la IE Alejandro Cussianovich Villar\u00e0nQuerida comunidad educativa, es un honor para m\u00ed, como director de la IE Alejandro Cussianovich Villar\u00e0n, presentarles nuestra nueva p\u00e1gina web. Este espacio virtual nace con la intenci\u00f3n de cumplir con una de las estrategias fundamentales de nuestro proyecto innovador, \u00abESCRIBIMOS PARA CAMBIAR EL [&hellip;]<\/p>\n","protected":false},"author":1,"featured_media":0,"parent":0,"menu_order":0,"comment_status":"closed","ping_status":"closed","template":"","meta":{"saved_in_kubio":true,"footnotes":""},"class_list":["post-268","page","type-page","status-publish","hentry"],"kubio_ai_page_context":{"short_desc":"","purpose":"general"},"_links":{"self":[{"href":"https:\/\/acv.edu.pe\/index.php\/wp-json\/wp\/v2\/pages\/268","targetHints":{"allow":["GET"]}}],"collection":[{"href":"https:\/\/acv.edu.pe\/index.php\/wp-json\/wp\/v2\/pages"}],"about":[{"href":"https:\/\/acv.edu.pe\/index.php\/wp-json\/wp\/v2\/types\/page"}],"author":[{"embeddable":true,"href":"https:\/\/acv.edu.pe\/index.php\/wp-json\/wp\/v2\/users\/1"}],"replies":[{"embeddable":true,"href":"https:\/\/acv.edu.pe\/index.php\/wp-json\/wp\/v2\/comments?post=268"}],"version-history":[{"count":93,"href":"https:\/\/acv.edu.pe\/index.php\/wp-json\/wp\/v2\/pages\/268\/revisions"}],"predecessor-version":[{"id":712,"href":"https:\/\/acv.edu.pe\/index.php\/wp-json\/wp\/v2\/pages\/268\/revisions\/712"}],"wp:attachment":[{"href":"https:\/\/acv.edu.pe\/index.php\/wp-json\/wp\/v2\/media?parent=268"}],"curies":[{"name":"wp","href":"https:\/\/api.w.org\/{rel}","templated":true}]}}